{"id":333,"date":"2024-06-03T11:48:44","date_gmt":"2024-06-03T11:48:44","guid":{"rendered":"https:\/\/lacasadipiero.org\/?page_id=333"},"modified":"2024-06-07T05:48:26","modified_gmt":"2024-06-07T05:48:26","slug":"il-progetto","status":"publish","type":"page","link":"https:\/\/lacasadipiero.org\/index.php\/il-progetto\/","title":{"rendered":"Il progetto"},"content":{"rendered":"\t\t<div data-elementor-type=\"wp-page\" data-elementor-id=\"333\" class=\"elementor elementor-333\" data-elementor-post-type=\"page\">\n\t\t\t\t<div class=\"elementor-element elementor-element-2062187 e-flex e-con-boxed e-con e-parent\" data-id=\"2062187\" data-element_type=\"container\" data-e-type=\"container\" data-settings=\"{&quot;background_background&quot;:&quot;classic&quot;}\">\n\t\t\t\t\t<div class=\"e-con-inner\">\n\t\t\t\t<div class=\"elementor-element elementor-element-d41ea99 elementor-widget elementor-widget-heading\" data-id=\"d41ea99\" data-element_type=\"widget\" data-e-type=\"widget\" data-widget_type=\"heading.default\">\n\t\t\t\t<div class=\"elementor-widget-container\">\n\t\t\t\t\t<h2 class=\"elementor-heading-title elementor-size-default\">Il progetto<\/h2>\t\t\t\t<\/div>\n\t\t\t\t<\/div>\n\t\t\t\t\t<\/div>\n\t\t\t\t<\/div>\n\t\t<div class=\"elementor-element elementor-element-6a67885 e-flex e-con-boxed e-con e-parent\" data-id=\"6a67885\" data-element_type=\"container\" data-e-type=\"container\">\n\t\t\t\t\t<div class=\"e-con-inner\">\n\t\t<div class=\"elementor-element elementor-element-9fd862d e-flex e-con-boxed e-con e-child\" data-id=\"9fd862d\" data-element_type=\"container\" data-e-type=\"container\">\n\t\t\t\t\t<div class=\"e-con-inner\">\n\t\t\t\t<div class=\"elementor-element elementor-element-e245c37 elementor-widget elementor-widget-text-editor\" data-id=\"e245c37\" data-element_type=\"widget\" data-e-type=\"widget\" data-widget_type=\"text-editor.default\">\n\t\t\t\t<div class=\"elementor-widget-container\">\n\t\t\t\t\t\t\t\t\t<p>La casa di Piero \u00e8 un progetto di housing sociale; \u00e8 destinata a ospitare stabilmente, al primo piano, 5 persone in situazione di disabilit\u00e0 medio-lieve con autonomia residua e 2 ospiti temporanei per periodi di sollievo e di formazione all\u2019autonomia personale e abitativa al piano terreno.<\/p><p>Un&#8217;idea che nasce in seno alla Cooperativa Sociale Isola Verde che, dal 2021, porta avanti questa\u00a0 idea, ripetendo quel piccolo miracolo di condivisione e di creazione di nuova cultura sociale che ne ha caratterizzato le origini.<\/p><p><strong>La casa di Piero<\/strong> da voce a quella vocazione verso la cura delle persone, che, per Isola Verde, \u00e8 sempre andata ben al di l\u00e0 dell\u2019offerta di un lavoro.<\/p>\t\t\t\t\t\t\t\t<\/div>\n\t\t\t\t<\/div>\n\t\t\t\t\t<\/div>\n\t\t\t\t<\/div>\n\t\t<div class=\"elementor-element elementor-element-5664a0e e-flex e-con-boxed e-con e-child\" data-id=\"5664a0e\" data-element_type=\"container\" data-e-type=\"container\">\n\t\t\t\t\t<div class=\"e-con-inner\">\n\t\t\t\t<div class=\"elementor-element elementor-element-c09474e elementor-widget elementor-widget-image\" data-id=\"c09474e\" data-element_type=\"widget\" data-e-type=\"widget\" data-widget_type=\"image.default\">\n\t\t\t\t<div class=\"elementor-widget-container\">\n\t\t\t\t\t\t\t\t\t\t\t\t\t\t\t<img fetchpriority=\"high\" decoding=\"async\" width=\"1000\" height=\"630\" src=\"https:\/\/lacasadipiero.org\/wp-content\/uploads\/2024\/06\/lacasadipiero_img_hero.png\" class=\"attachment-full size-full wp-image-337\" alt=\"\" srcset=\"https:\/\/lacasadipiero.org\/wp-content\/uploads\/2024\/06\/lacasadipiero_img_hero.png 1000w, https:\/\/lacasadipiero.org\/wp-content\/uploads\/2024\/06\/lacasadipiero_img_hero-300x189.png 300w, https:\/\/lacasadipiero.org\/wp-content\/uploads\/2024\/06\/lacasadipiero_img_hero-768x484.png 768w\" sizes=\"(max-width: 1000px) 100vw, 1000px\" \/>\t\t\t\t\t\t\t\t\t\t\t\t\t\t\t<\/div>\n\t\t\t\t<\/div>\n\t\t\t\t\t<\/div>\n\t\t\t\t<\/div>\n\t\t\t\t\t<\/div>\n\t\t\t\t<\/div>\n\t\t<div class=\"elementor-element elementor-element-df387d5 e-flex e-con-boxed e-con e-parent\" data-id=\"df387d5\" data-element_type=\"container\" data-e-type=\"container\">\n\t\t\t\t\t<div class=\"e-con-inner\">\n\t\t<div class=\"elementor-element elementor-element-224b4c9 e-flex e-con-boxed e-con e-child\" data-id=\"224b4c9\" data-element_type=\"container\" data-e-type=\"container\">\n\t\t\t\t\t<div class=\"e-con-inner\">\n\t\t\t\t<div class=\"elementor-element elementor-element-a7503ab elementor-widget elementor-widget-heading\" data-id=\"a7503ab\" data-element_type=\"widget\" data-e-type=\"widget\" data-widget_type=\"heading.default\">\n\t\t\t\t<div class=\"elementor-widget-container\">\n\t\t\t\t\t<h2 class=\"elementor-heading-title elementor-size-default\">Bassa intensit\u00e0 assistenziale<\/h2>\t\t\t\t<\/div>\n\t\t\t\t<\/div>\n\t\t\t\t<div class=\"elementor-element elementor-element-132a7d2 elementor-widget elementor-widget-text-editor\" data-id=\"132a7d2\" data-element_type=\"widget\" data-e-type=\"widget\" data-widget_type=\"text-editor.default\">\n\t\t\t\t<div class=\"elementor-widget-container\">\n\t\t\t\t\t\t\t\t\t<p>Si tratta di una soluzione abitativa a bassa intensit\u00e0 assistenziale in cui l\u2019ospite \u00e8 incoraggiato a utilizzare al meglio le proprie autonomie, mantenendole nel tempo e acquisendole con l\u2019esperienza pratica.<\/p><p>Ha una dimensione familiare che consente di meglio integrarsi nella comunit\u00e0. L\u2019intervento di sostegno viene garantito solo nei limiti delle reali necessit\u00e0. <strong>La casa di Piero<\/strong> concorre ad ampliare e diversificare qualitativamente l\u2019offerta abitativa del territorio sperimentando la possibilit\u00e0 di finanziarsi in modo alternativo all\u2019accreditamento sanitario.<\/p>\t\t\t\t\t\t\t\t<\/div>\n\t\t\t\t<\/div>\n\t\t\t\t\t<\/div>\n\t\t\t\t<\/div>\n\t\t<div class=\"elementor-element elementor-element-bbff061 e-flex e-con-boxed e-con e-child\" data-id=\"bbff061\" data-element_type=\"container\" data-e-type=\"container\" data-settings=\"{&quot;background_background&quot;:&quot;classic&quot;}\">\n\t\t\t\t\t<div class=\"e-con-inner\">\n\t\t\t\t\t<\/div>\n\t\t\t\t<\/div>\n\t\t\t\t\t<\/div>\n\t\t\t\t<\/div>\n\t\t<div class=\"elementor-element elementor-element-deae2be e-flex e-con-boxed e-con e-parent\" data-id=\"deae2be\" data-element_type=\"container\" data-e-type=\"container\">\n\t\t\t\t\t<div class=\"e-con-inner\">\n\t\t<div class=\"elementor-element elementor-element-59f848a e-flex e-con-boxed e-con e-child\" data-id=\"59f848a\" data-element_type=\"container\" data-e-type=\"container\" data-settings=\"{&quot;background_background&quot;:&quot;classic&quot;}\">\n\t\t\t\t\t<div class=\"e-con-inner\">\n\t\t\t\t\t<\/div>\n\t\t\t\t<\/div>\n\t\t<div class=\"elementor-element elementor-element-9206602 e-flex e-con-boxed e-con e-child\" data-id=\"9206602\" data-element_type=\"container\" data-e-type=\"container\">\n\t\t\t\t\t<div class=\"e-con-inner\">\n\t\t\t\t<div class=\"elementor-element elementor-element-5616333 elementor-widget elementor-widget-heading\" data-id=\"5616333\" data-element_type=\"widget\" data-e-type=\"widget\" data-widget_type=\"heading.default\">\n\t\t\t\t<div class=\"elementor-widget-container\">\n\t\t\t\t\t<h2 class=\"elementor-heading-title elementor-size-default\">Cultura dell'abitare<\/h2>\t\t\t\t<\/div>\n\t\t\t\t<\/div>\n\t\t\t\t<div class=\"elementor-element elementor-element-b6358ae elementor-widget elementor-widget-text-editor\" data-id=\"b6358ae\" data-element_type=\"widget\" data-e-type=\"widget\" data-widget_type=\"text-editor.default\">\n\t\t\t\t<div class=\"elementor-widget-container\">\n\t\t\t\t\t\t\t\t\t<p>Oggi con il progetto<strong> La casa di Piero<\/strong>, noi di Isola Verde, siamo tutti uniti in una nuova comunione di intenti verso una soluzione innovativa di housing sociale. Siamo orgogliosi di aver avviato questo nuovo percorso e siamo convinti che sia un\u2019idea generativa per una nuova cultura dell\u2019abitare, che guarda alla disabilit\u00e0 anche attraverso gli occhi del disabile che deve poter essere libero di scegliere sino all\u2019ultimo giorno della propria vita, conservando le abilit\u00e0 acquisite in anni di lavoro, di scuola e di emancipazione. <strong>La casa di Piero<\/strong>, non ci distoglie, anzi rafforza, dalle nostre attivit\u00e0 cooperative che continuano ad avere la forza della giovent\u00f9, grazie a un cambio generazionale in corso che ci vedr\u00e0 affrontare i prossimi quarant\u2019anni con nuove energie e voglia di innovare.<\/p>\t\t\t\t\t\t\t\t<\/div>\n\t\t\t\t<\/div>\n\t\t\t\t\t<\/div>\n\t\t\t\t<\/div>\n\t\t\t\t\t<\/div>\n\t\t\t\t<\/div>\n\t\t<div class=\"elementor-element elementor-element-39913e9 e-flex e-con-boxed e-con e-parent\" data-id=\"39913e9\" data-element_type=\"container\" data-e-type=\"container\" data-settings=\"{&quot;background_background&quot;:&quot;classic&quot;}\">\n\t\t\t\t\t<div class=\"e-con-inner\">\n\t\t<div class=\"elementor-element elementor-element-b90d144 e-flex e-con-boxed e-con e-child\" data-id=\"b90d144\" data-element_type=\"container\" data-e-type=\"container\" data-settings=\"{&quot;background_background&quot;:&quot;classic&quot;}\">\n\t\t\t\t\t<div class=\"e-con-inner\">\n\t\t<div class=\"elementor-element elementor-element-cd90c09 e-flex e-con-boxed e-con e-child\" data-id=\"cd90c09\" data-element_type=\"container\" data-e-type=\"container\">\n\t\t\t\t\t<div class=\"e-con-inner\">\n\t\t\t\t<div class=\"elementor-element elementor-element-4ff5727 elementor-widget elementor-widget-heading\" data-id=\"4ff5727\" data-element_type=\"widget\" data-e-type=\"widget\" data-widget_type=\"heading.default\">\n\t\t\t\t<div class=\"elementor-widget-container\">\n\t\t\t\t\t<h2 class=\"elementor-heading-title elementor-size-default\">Vuoi sostenere il progetto de La Casa di Piero?<\/h2>\t\t\t\t<\/div>\n\t\t\t\t<\/div>\n\t\t\t\t<div class=\"elementor-element elementor-element-8344980 elementor-widget elementor-widget-text-editor\" data-id=\"8344980\" data-element_type=\"widget\" data-e-type=\"widget\" data-widget_type=\"text-editor.default\">\n\t\t\t\t<div class=\"elementor-widget-container\">\n\t\t\t\t\t\t\t\t\t<p>Il progetto <strong>La casa di Piero<\/strong> sta prendendo forma grazie al contributo di Fondazione Cariplo, Banca d\u2019Italia, associazioni, privati, imprese che si stanno stringendo attorno a questa idea amplificandola.<\/p><p><strong>Tutti possono collaborare con noi alla realizzazione di questo sogno.<\/strong><\/p>\t\t\t\t\t\t\t\t<\/div>\n\t\t\t\t<\/div>\n\t\t\t\t\t<\/div>\n\t\t\t\t<\/div>\n\t\t<div class=\"elementor-element elementor-element-54346b3 e-flex e-con-boxed e-con e-child\" data-id=\"54346b3\" data-element_type=\"container\" data-e-type=\"container\">\n\t\t\t\t\t<div class=\"e-con-inner\">\n\t\t\t\t<div class=\"elementor-element elementor-element-936d3e8 elementor-align-right elementor-widget elementor-widget-button\" data-id=\"936d3e8\" data-element_type=\"widget\" data-e-type=\"widget\" data-widget_type=\"button.default\">\n\t\t\t\t<div class=\"elementor-widget-container\">\n\t\t\t\t\t\t\t\t\t<div class=\"elementor-button-wrapper\">\n\t\t\t\t\t<a class=\"elementor-button elementor-size-sm\" role=\"button\">\n\t\t\t\t\t\t<span class=\"elementor-button-content-wrapper\">\n\t\t\t\t\t\t<span class=\"elementor-button-icon\">\n\t\t\t\t<i aria-hidden=\"true\" class=\"material-icons md-arrow_forward\"><\/i>\t\t\t<\/span>\n\t\t\t\t\t\t\t\t\t<span class=\"elementor-button-text\">Sostenici<\/span>\n\t\t\t\t\t<\/span>\n\t\t\t\t\t<\/a>\n\t\t\t\t<\/div>\n\t\t\t\t\t\t\t\t<\/div>\n\t\t\t\t<\/div>\n\t\t\t\t\t<\/div>\n\t\t\t\t<\/div>\n\t\t\t\t\t<\/div>\n\t\t\t\t<\/div>\n\t\t\t\t\t<\/div>\n\t\t\t\t<\/div>\n\t\t\t\t<\/div>\n\t\t","protected":false},"excerpt":{"rendered":"<p>La casa di Piero \u00e8 un progetto di housing sociale; \u00e8 destinata a ospitare stabilmente, al primo piano, 5 persone in situazione di disabilit\u00e0 medio-lieve con autonomia residua e 2 ospiti temporanei per periodi di sollievo e di formazione all\u2019autonomia personale e abitativa al piano terreno. Un&#8217;idea che nasce in seno alla Cooperativa Sociale Isola [&hellip;]<\/p>\n","protected":false},"author":3,"featured_media":0,"parent":0,"menu_order":0,"comment_status":"closed","ping_status":"closed","template":"","meta":{"rank_math_title":"","rank_math_description":"","rank_math_focus_keyword":"","rank_math_canonical_url":"","rank_math_robots":"","footnotes":""},"class_list":["post-333","page","type-page","status-publish","hentry"],"_links":{"self":[{"href":"https:\/\/lacasadipiero.org\/index.php\/wp-json\/wp\/v2\/pages\/333","targetHints":{"allow":["GET"]}}],"collection":[{"href":"https:\/\/lacasadipiero.org\/index.php\/wp-json\/wp\/v2\/pages"}],"about":[{"href":"https:\/\/lacasadipiero.org\/index.php\/wp-json\/wp\/v2\/types\/page"}],"author":[{"embeddable":true,"href":"https:\/\/lacasadipiero.org\/index.php\/wp-json\/wp\/v2\/users\/3"}],"replies":[{"embeddable":true,"href":"https:\/\/lacasadipiero.org\/index.php\/wp-json\/wp\/v2\/comments?post=333"}],"version-history":[{"count":16,"href":"https:\/\/lacasadipiero.org\/index.php\/wp-json\/wp\/v2\/pages\/333\/revisions"}],"predecessor-version":[{"id":555,"href":"https:\/\/lacasadipiero.org\/index.php\/wp-json\/wp\/v2\/pages\/333\/revisions\/555"}],"wp:attachment":[{"href":"https:\/\/lacasadipiero.org\/index.php\/wp-json\/wp\/v2\/media?parent=333"}],"curies":[{"name":"wp","href":"https:\/\/api.w.org\/{rel}","templated":true}]}}